{"id":35,"date":"2020-07-11T07:24:33","date_gmt":"2020-07-11T05:24:33","guid":{"rendered":"http:\/\/landgasthof-weiss.de\/willkommen\/?page_id=35"},"modified":"2024-11-06T10:27:20","modified_gmt":"2024-11-06T09:27:20","slug":"jobs-und-stellenangebote","status":"publish","type":"page","link":"https:\/\/landgasthof-weiss.de\/willkommen\/jobs-und-stellenangebote\/","title":{"rendered":"Jobs und Stellenangebote"},"content":{"rendered":"\t\t<div data-elementor-type=\"wp-page\" data-elementor-id=\"35\" class=\"elementor elementor-35\">\n\t\t\t\t\t\t<section class=\"elementor-section elementor-top-section elementor-element elementor-element-10ead15 elementor-section-boxed elementor-section-height-default elementor-section-height-default\" data-id=\"10ead15\" data-element_type=\"section\">\n\t\t\t\t\t\t<div class=\"elementor-container elementor-column-gap-default\">\n\t\t\t\t\t<div class=\"elementor-column elementor-col-100 elementor-top-column elementor-element elementor-element-4cde5b9\" data-id=\"4cde5b9\" data-element_type=\"column\">\n\t\t\t<div class=\"elementor-widget-wrap elementor-element-populated\">\n\t\t\t\t\t\t<div class=\"elementor-element elementor-element-c857812 elementor-widget elementor-widget-text-editor\" data-id=\"c857812\" data-element_type=\"widget\" data-widget_type=\"text-editor.default\">\n\t\t\t\t<div class=\"elementor-widget-container\">\n\t\t\t\t\t\t\t<p class=\"MsoNormal\" style=\"margin-bottom: 8.0pt; line-height: 107%;\"><span style=\"font-size: 14pt; line-height: 107%; color: #202020; background-image: initial; background-position: initial; background-size: initial; background-repeat: initial; background-attachment: initial; background-origin: initial; background-clip: initial;\">Zur Unterst\u00fctzung in unserem Gasthof<br \/>suchen wir ab sofort einen motivierten Koch (m\/w\/d) zur Festanstellung. Du<br \/>f\u00fchlst dich angesprochen oder bist interessiert? Dann melde dich einfach bei uns<br \/>telefonisch unter 08444\/804 oder per Mail an landgasthof-weiss@t-online.de<\/span><\/p><p class=\"MsoNormal\" style=\"margin-bottom: 8.0pt; line-height: 107%;\"><span style=\"font-size: 14pt; line-height: 107%; color: #202020; background-image: initial; background-position: initial; background-size: initial; background-repeat: initial; background-attachment: initial; background-origin: initial; background-clip: initial;\">\u00a0<\/span><\/p><p class=\"MsoNormal\" style=\"margin-bottom: 8.0pt; line-height: 107%;\"><b><span style=\"font-size: 14pt; line-height: 107%; color: #202020; background-image: initial; background-position: initial; background-size: initial; background-repeat: initial; background-attachment: initial; background-origin: initial; background-clip: initial;\">Wir bieten:<\/span><\/b><\/p><p class=\"MsoNormal\" style=\"margin-bottom: 8.0pt; line-height: 107%;\"><span style=\"font-size: 14pt; line-height: 107%; color: #202020; background-image: initial; background-position: initial; background-size: initial; background-repeat: initial; background-attachment: initial; background-origin: initial; background-clip: initial;\">Leistungsgerechte Bezahlung, geregelte<br \/>Arbeitszeiten, nette Kollegen, abwechslungsreiches Aufgabengebiet, unbefristeter<br \/>Arbeitsvertrag, 4-Tage-Woche m\u00f6glich<\/span><\/p><p class=\"MsoNormal\" style=\"margin-bottom: 8.0pt; line-height: 107%;\"><span style=\"font-size: 16.0pt; mso-bidi-font-size: 11.0pt; line-height: 107%; mso-bidi-font-family: Calibri;\">\u00a0<\/span><\/p><p class=\"MsoNormal\" style=\"margin-bottom: 8.0pt; line-height: 107%;\"><b><span style=\"font-size: 14.0pt; mso-bidi-font-size: 11.0pt; line-height: 107%; mso-bidi-font-family: Calibri;\">Deine Qualifikation:<\/span><\/b><\/p><p class=\"MsoNormal\" style=\"margin-bottom: .0001pt; line-height: 107%;\"><span style=\"font-size: 14.0pt; mso-bidi-font-size: 11.0pt; line-height: 107%; mso-bidi-font-family: Calibri;\">Abgeschlossene Berufsausbildung in der<br \/>Gastronomie oder Hotellerie<\/span><\/p><p class=\"MsoNormal\" style=\"margin-bottom: .0001pt; line-height: 107%;\"><span style=\"font-size: 14.0pt; mso-bidi-font-size: 11.0pt; line-height: 107%; mso-bidi-font-family: Calibri;\">Begeisterung f\u00fcrs Kochens <\/span><\/p><p class=\"MsoNormal\" style=\"margin-bottom: .0001pt; line-height: 107%;\"><span style=\"font-size: 14.0pt; mso-bidi-font-size: 11.0pt; line-height: 107%; mso-bidi-font-family: Calibri;\">Hohes Qualit\u00e4tsbewusstsein und Liebe zum Produkt<\/span><\/p><p class=\"MsoNormal\" style=\"margin-bottom: .0001pt; line-height: 107%;\"><span style=\"font-size: 14.0pt; mso-bidi-font-size: 11.0pt; line-height: 107%; mso-bidi-font-family: Calibri;\">Sicheres Auftreten sowie eine offene und<br \/>kommunikative Pers\u00f6nlichkeit<\/span><\/p><p class=\"MsoNormal\" style=\"margin-bottom: .0001pt; line-height: 107%;\"><span style=\"font-size: 14.0pt; mso-bidi-font-size: 11.0pt; line-height: 107%; mso-bidi-font-family: Calibri;\">Engagement, Flexibilit\u00e4t, Belastbarkeit<\/span><\/p><p style=\"margin-bottom: 0px; transform-origin: left top; background-repeat: no-repeat; max-height: 1e+06px; color: #000000; font-family: Arial, 'Helvetica Neue', Helvetica, sans-serif; font-size: 14px; border: 0px solid transparent;\">\u00a0<\/p><p style=\"margin-bottom: 0px; transform-origin: left top; background-repeat: no-repeat; max-height: 1e+06px; color: #000000; font-family: Arial, 'Helvetica Neue', Helvetica, sans-serif; font-size: 14px; border: 0px solid transparent;\">\u00a0<\/p><p style=\"margin-bottom: 0px; transform-origin: left top; background-repeat: no-repeat; max-height: 1e+06px; color: #000000; font-family: Arial, 'Helvetica Neue', Helvetica, sans-serif; font-size: 14px; border: 0px solid transparent;\">Zur Unterst\u00fctzung in unserem Landgasthof suchen wir ab sofort motivierte Kolleginnen &amp; Kollegen f\u00fcr die Bereiche Service &amp; K\u00fcche, vorwiegend am Wochenende wie auch an Feiertagen.<\/p><p style=\"margin-bottom: 0px; transform-origin: left top; background-repeat: no-repeat; max-height: 1e+06px; color: #000000; font-family: Arial, 'Helvetica Neue', Helvetica, sans-serif; font-size: 14px; border: 0px solid transparent;\">\u00a0<\/p><p style=\"margin-bottom: 0px; transform-origin: left top; background-repeat: no-repeat; max-height: 1e+06px; color: #000000; font-family: Arial, 'Helvetica Neue', Helvetica, sans-serif; font-size: 14px; border: 0px solid transparent;\"><span style=\"text-decoration-line: underline;\">Servicekr\u00e4fte\u00a0 w\/m\/d auf 538\u20ac Basis<\/span><\/p><p style=\"margin-bottom: 0px; transform-origin: left top; background-repeat: no-repeat; max-height: 1e+06px; color: #000000; font-family: Arial, 'Helvetica Neue', Helvetica, sans-serif; font-size: 14px; border: 0px solid transparent;\">Sie sollten freundliche, teamf\u00e4hig, zuverl\u00e4ssig sein und Freude im Umgang mit unseren G\u00e4sten mitbringen. Es ist keine Voraussetzung den Beruf erlernt zu haben. Wir sind ein nettes Team, dass Spa\u00df an der Gastronomie hat.<\/p><p style=\"margin-bottom: 0px; transform-origin: left top; background-repeat: no-repeat; max-height: 1e+06px; color: #000000; font-family: Arial, 'Helvetica Neue', Helvetica, sans-serif; font-size: 14px; border: 0px solid transparent;\">\u00a0<\/p><p style=\"margin-bottom: 0px; transform-origin: left top; background-repeat: no-repeat; max-height: 1e+06px; color: #000000; font-family: Arial, 'Helvetica Neue', Helvetica, sans-serif; font-size: 14px; border: 0px solid transparent;\"><span style=\"text-decoration-line: underline;\">K\u00fcchenhilfen w\/m\/d auf 538\u20ac Basis<\/span><\/p><p style=\"margin-bottom: 0px; transform-origin: left top; background-repeat: no-repeat; max-height: 1e+06px; color: #000000; font-family: Arial, 'Helvetica Neue', Helvetica, sans-serif; font-size: 14px; border: 0px solid transparent;\">Sie sollten Freude und Geschick im Umgang mit Lebensmitteln mitbringen.<\/p><p style=\"margin-bottom: 0px; transform-origin: left top; background-repeat: no-repeat; max-height: 1e+06px; color: #000000; font-family: Arial, 'Helvetica Neue', Helvetica, sans-serif; font-size: 14px; border: 0px solid transparent;\">\u00a0<\/p><p style=\"margin-bottom: 0px; transform-origin: left top; background-repeat: no-repeat; max-height: 1e+06px; color: #000000; font-family: Arial, 'Helvetica Neue', Helvetica, sans-serif; font-size: 14px; border: 0px solid transparent;\">\u00a0<\/p>\t\t\t\t\t\t<\/div>\n\t\t\t\t<\/div>\n\t\t\t\t\t<\/div>\n\t\t<\/div>\n\t\t\t\t\t<\/div>\n\t\t<\/section>\n\t\t\t\t<\/div>\n\t\t","protected":false},"excerpt":{"rendered":"<p>Zur Unterst\u00fctzung in unserem Gasthofsuchen wir ab sofort einen motivierten Koch (m\/w\/d) zur Festanstellung. Duf\u00fchlst dich angesprochen oder bist interessiert? Dann melde dich einfach bei unstelefonisch unter 08444\/804 oder per Mail an landgasthof-weiss@t-online.de \u00a0 Wir bieten: Leistungsgerechte Bezahlung, geregelteArbeitszeiten, nette Kollegen, abwechslungsreiches Aufgabengebiet, unbefristeterArbeitsvertrag, 4-Tage-Woche m\u00f6glich \u00a0 Deine Qualifikation: Abgeschlossene Berufsausbildung in derGastronomie oder Hotellerie &hellip; <\/p>\n<p class=\"link-more\"><a href=\"https:\/\/landgasthof-weiss.de\/willkommen\/jobs-und-stellenangebote\/\" class=\"more-link\"><span class=\"screen-reader-text\">\u201eJobs und Stellenangebote\u201c<\/span> weiterlesen<\/a><\/p>\n","protected":false},"author":1,"featured_media":0,"parent":0,"menu_order":0,"comment_status":"closed","ping_status":"closed","template":"","meta":{"_mo_disable_npp":"","_exactmetrics_skip_tracking":false,"_exactmetrics_sitenote_active":false,"_exactmetrics_sitenote_note":"","_exactmetrics_sitenote_category":0,"footnotes":""},"class_list":["post-35","page","type-page","status-publish","hentry"],"_links":{"self":[{"href":"https:\/\/landgasthof-weiss.de\/willkommen\/wp-json\/wp\/v2\/pages\/35","targetHints":{"allow":["GET"]}}],"collection":[{"href":"https:\/\/landgasthof-weiss.de\/willkommen\/wp-json\/wp\/v2\/pages"}],"about":[{"href":"https:\/\/landgasthof-weiss.de\/willkommen\/wp-json\/wp\/v2\/types\/page"}],"author":[{"embeddable":true,"href":"https:\/\/landgasthof-weiss.de\/willkommen\/wp-json\/wp\/v2\/users\/1"}],"replies":[{"embeddable":true,"href":"https:\/\/landgasthof-weiss.de\/willkommen\/wp-json\/wp\/v2\/comments?post=35"}],"version-history":[{"count":10,"href":"https:\/\/landgasthof-weiss.de\/willkommen\/wp-json\/wp\/v2\/pages\/35\/revisions"}],"predecessor-version":[{"id":835,"href":"https:\/\/landgasthof-weiss.de\/willkommen\/wp-json\/wp\/v2\/pages\/35\/revisions\/835"}],"wp:attachment":[{"href":"https:\/\/landgasthof-weiss.de\/willkommen\/wp-json\/wp\/v2\/media?parent=35"}],"curies":[{"name":"wp","href":"https:\/\/api.w.org\/{rel}","templated":true}]}}