{"id":31,"date":"2020-07-11T07:23:37","date_gmt":"2020-07-11T05:23:37","guid":{"rendered":"http:\/\/landgasthof-weiss.de\/willkommen\/?page_id=31"},"modified":"2020-07-19T12:40:18","modified_gmt":"2020-07-19T10:40:18","slug":"impressum","status":"publish","type":"page","link":"https:\/\/landgasthof-weiss.de\/willkommen\/impressum\/","title":{"rendered":"Impressum"},"content":{"rendered":"\t\t<div data-elementor-type=\"wp-page\" data-elementor-id=\"31\" class=\"elementor elementor-31\">\n\t\t\t\t\t\t<section class=\"elementor-section elementor-top-section elementor-element elementor-element-ed91ec5 elementor-section-boxed elementor-section-height-default elementor-section-height-default\" data-id=\"ed91ec5\" data-element_type=\"section\">\n\t\t\t\t\t\t<div class=\"elementor-container elementor-column-gap-default\">\n\t\t\t\t\t<div class=\"elementor-column elementor-col-100 elementor-top-column elementor-element elementor-element-ea2c2c9\" data-id=\"ea2c2c9\" data-element_type=\"column\">\n\t\t\t<div class=\"elementor-widget-wrap elementor-element-populated\">\n\t\t\t\t\t\t<div class=\"elementor-element elementor-element-22be8e4 elementor-widget elementor-widget-text-editor\" data-id=\"22be8e4\" data-element_type=\"widget\" data-widget_type=\"text-editor.default\">\n\t\t\t\t<div class=\"elementor-widget-container\">\n\t\t\t\t\t\t\t<p style=\"text-align: center;\">\u00a0<\/p><p style=\"text-align: center;\">Angaben gem\u00e4\u00df \u00a75 TMG: Haus- und Postanschrift<\/p><p style=\"text-align: center;\">\u00a0Familie Wei\u00df\u00a0<\/p><p style=\"text-align: center;\">Landgasthof Wei\u00df\u00a0<\/p><p style=\"text-align: center;\">Otterbachstra\u00dfe 42\u00a0<\/p><p style=\"text-align: center;\">85301 Aufham<\/p><p style=\"text-align: center;\">\u00a0Tel. 08444\/804<\/p><p style=\"text-align: center;\">\u00a0Fax.08444\/91129<\/p><p style=\"text-align: center;\">\u00a0Email: landgasthof-weiss@t-online.de<\/p><p>Umsatzsteuer-Identifikationsnummer gem\u00e4\u00df \u00a7 27 a Umsatzsteuergesetz: DE<\/p><p>Inhaltlich Verantwortlicher gem\u00e4\u00df \u00a7 55 Abs. 2 RStV: Name Nachname (Anschrift wie oben) ****<\/p><p style=\"text-align: center;\">\u00a0Copyright\u00a0\u00a9 Landgasthof Wei\u00df<\/p><p style=\"text-align: center;\">\u00a0Alle Rechte vorbehalten<\/p><p style=\"text-align: center;\">Der Inhalt dieser Seite ist urheberrechtlich gesch\u00fctzt. Des Weiteren darf der Inhalt weder zu kommerziellen, noch zu nicht kommerziellen Zwecken kopiert verbreitet, ver\u00e4ndert oder Dritten zug\u00e4nglich gemacht werden.<\/p><p style=\"text-align: center;\">\u00a0Die Nutzung von www.landgasthof-weiss.com erfolgt auf eigenes Risiko. Eine Haftung oder Gew\u00e4hrleistung f\u00fcr Inanspruchnahme meiner Dienste und Inhalte oder deren Verf\u00fcgbarkeit wird nicht \u00fcbernommen.\u00a0<\/p><p style=\"text-align: center;\">Haftungsausschluss:<\/p><p style=\"text-align: center;\">\u00a0Haftung f\u00fcr Inhalte Der Inhalt unserer Seite wurden mit gr\u00f6\u00dfter Sorgfalt erstellt. F\u00fcr die Richtigkeit, Vollst\u00e4ndigkeit und Aktualit\u00e4t der Inhalte kann ich jedoch keine Gew\u00e4hr \u00fcbernehmen.\u00a0<\/p><p style=\"text-align: center;\">Haftung f\u00fcr Links\u00a0<\/p><p style=\"text-align: center;\">Diese Website enth\u00e4lt Links zu externen Webseiten Dritter, auf deren Inhalt ich keinen Einfluss habe. Deshalb kann ich f\u00fcr fremden Inhalt auch keine Gew\u00e4hr \u00fcbernehmen. F\u00fcr die Inhalte der verlinkten Seiten ist stets der jeweilige Anbieter oder Betreiber der Seite verantwortlich. Die verlinkten Seiten wurden zum Zeitpunkt der Verlinkung auf m\u00f6gliche Rechtsverst\u00f6\u00dfe \u00fcberpr\u00fcft. Rechtswidrige Inhalte waren zum Zeitpunkt der Verlinkung nicht erkennbar. Eine permanente inhaltliche Kontrolle der verlinkten Seite ist jedoch ohne konkrete Anhaltspunkte einer Rechtsverletzung nicht zumutbar. Bei bekanntwerden von Rechtsverletzungen werde ich derartige Links umgehend entfernen.<\/p>\t\t\t\t\t\t<\/div>\n\t\t\t\t<\/div>\n\t\t\t\t\t<\/div>\n\t\t<\/div>\n\t\t\t\t\t<\/div>\n\t\t<\/section>\n\t\t\t\t<\/div>\n\t\t","protected":false},"excerpt":{"rendered":"<p>Angaben gem\u00e4\u00df \u00a75 TMG: Haus- und Postanschrift \u00a0Familie Wei\u00df Landgasthof Wei\u00df Otterbachstra\u00dfe 42 85301 Aufham \u00a0Tel. 08444\/804 \u00a0Fax.08444\/91129 \u00a0Email: landgasthof-weiss@t-online.de Umsatzsteuer-Identifikationsnummer gem\u00e4\u00df \u00a7 27 a Umsatzsteuergesetz: DE Inhaltlich Verantwortlicher gem\u00e4\u00df \u00a7 55 Abs. 2 RStV: Name Nachname (Anschrift wie oben) **** \u00a0Copyright\u00a0\u00a9 Landgasthof Wei\u00df \u00a0Alle Rechte vorbehalten Der Inhalt dieser Seite ist urheberrechtlich gesch\u00fctzt. Des &hellip; <\/p>\n<p class=\"link-more\"><a href=\"https:\/\/landgasthof-weiss.de\/willkommen\/impressum\/\" class=\"more-link\"><span class=\"screen-reader-text\">\u201eImpressum\u201c<\/span> weiterlesen<\/a><\/p>\n","protected":false},"author":1,"featured_media":0,"parent":0,"menu_order":0,"comment_status":"closed","ping_status":"closed","template":"","meta":{"_mo_disable_npp":"","_exactmetrics_skip_tracking":false,"_exactmetrics_sitenote_active":false,"_exactmetrics_sitenote_note":"","_exactmetrics_sitenote_category":0,"footnotes":""},"class_list":["post-31","page","type-page","status-publish","hentry"],"_links":{"self":[{"href":"https:\/\/landgasthof-weiss.de\/willkommen\/wp-json\/wp\/v2\/pages\/31","targetHints":{"allow":["GET"]}}],"collection":[{"href":"https:\/\/landgasthof-weiss.de\/willkommen\/wp-json\/wp\/v2\/pages"}],"about":[{"href":"https:\/\/landgasthof-weiss.de\/willkommen\/wp-json\/wp\/v2\/types\/page"}],"author":[{"embeddable":true,"href":"https:\/\/landgasthof-weiss.de\/willkommen\/wp-json\/wp\/v2\/users\/1"}],"replies":[{"embeddable":true,"href":"https:\/\/landgasthof-weiss.de\/willkommen\/wp-json\/wp\/v2\/comments?post=31"}],"version-history":[{"count":10,"href":"https:\/\/landgasthof-weiss.de\/willkommen\/wp-json\/wp\/v2\/pages\/31\/revisions"}],"predecessor-version":[{"id":299,"href":"https:\/\/landgasthof-weiss.de\/willkommen\/wp-json\/wp\/v2\/pages\/31\/revisions\/299"}],"wp:attachment":[{"href":"https:\/\/landgasthof-weiss.de\/willkommen\/wp-json\/wp\/v2\/media?parent=31"}],"curies":[{"name":"wp","href":"https:\/\/api.w.org\/{rel}","templated":true}]}}